{"id":1146,"date":"2025-08-11T15:22:26","date_gmt":"2025-08-11T13:22:26","guid":{"rendered":"https:\/\/visit-kirchheimbolanden.de\/experience-enjoy\/downtown-shopping\/"},"modified":"2025-09-04T11:58:31","modified_gmt":"2025-09-04T09:58:31","slug":"downtown-shopping","status":"publish","type":"page","link":"https:\/\/visit-kirchheimbolanden.de\/en\/experience-enjoy\/downtown-shopping\/","title":{"rendered":"Downtown Shopping"},"content":{"rendered":"<p>[et_pb_section fb_built=&#8221;1&#8243; admin_label=&#8221;Header&#8221; _builder_version=&#8221;4.27.4&#8243; background_image=&#8221;https:\/\/visit-kirchheimbolanden.de\/wp-content\/uploads\/2025\/08\/Stadt-Kirchheimbolanden-Geniessen-Kulinarik.jpeg&#8221; background_position=&#8221;bottom_center&#8221; background_vertical_offset=&#8221;52%&#8221; custom_margin=&#8221;||||false&#8221; custom_padding=&#8221;12vw||12vw||true|false&#8221; global_colors_info=&#8221;{}&#8221;][\/et_pb_section][et_pb_section fb_built=&#8221;1&#8243; admin_label=&#8221;About&#8221; _builder_version=&#8221;4.27.4&#8243; custom_padding=&#8221;45px||45px||true|false&#8221; global_colors_info=&#8221;{}&#8221;][et_pb_row _builder_version=&#8221;4.16&#8243; global_colors_info=&#8221;{}&#8221;][et_pb_column type=&#8221;4_4&#8243; _builder_version=&#8221;4.16&#8243; custom_padding=&#8221;|||&#8221; global_colors_info=&#8221;{}&#8221; custom_padding__hover=&#8221;|||&#8221;][et_pb_text _builder_version=&#8221;4.27.4&#8243; text_font=&#8221;||||||||&#8221; text_font_size=&#8221;15px&#8221; text_line_height=&#8221;2em&#8221; header_font=&#8221;||||||||&#8221; header_text_color=&#8221;#2B2E34&#8243; header_2_font=&#8221;||||||||&#8221; header_2_font_size=&#8221;42px&#8221; header_3_font=&#8221;|||on|||||&#8221; header_3_text_color=&#8221;#871540&#8243; text_font_size_tablet=&#8221;&#8221; text_font_size_phone=&#8221;14px&#8221; text_font_size_last_edited=&#8221;on|phone&#8221; header_font_size_tablet=&#8221;&#8221; header_font_size_phone=&#8221;&#8221; header_font_size_last_edited=&#8221;on|phone&#8221; header_2_font_size_tablet=&#8221;32px&#8221; header_2_font_size_phone=&#8221;32px&#8221; header_2_font_size_last_edited=&#8221;on|desktop&#8221; locked=&#8221;off&#8221; global_colors_info=&#8221;{}&#8221;]<\/p>\n<h1 style=\"text-align: center;\">Downtown Shopping<\/h1>\n<h3 style=\"text-align: center;\">Welcome to Kirchheimbolanden<\/h3>\n<p>[\/et_pb_text][et_pb_text _builder_version=&#8221;4.27.4&#8243; text_font=&#8221;||||||||&#8221; text_font_size_phone=&#8221;14px&#8221; text_font_size_last_edited=&#8221;off|desktop&#8221; locked=&#8221;off&#8221; global_colors_info=&#8221;{}&#8221;]<\/p>\n<p style=\"text-align: center;\">With the city&#8217;s growth since the beginning of the 20th century \u2013 from 3,500 inhabitants in 1900 to over 8,000 today \u2013 the business sector has also experienced significant expansion. It is primarily concentrated in the pedestrian zone created in the 1990s (Vorstadt, Schlossstra\u00dfe). Until then, Vorstadtstra\u00dfe had been the central inner-city traffic artery. Similarly, traffic has been diverted from Schlossstra\u00dfe since the 1990s. This has significantly improved the city&#8217;s quality.    <\/p>\n<p>[\/et_pb_text][\/et_pb_column][\/et_pb_row][\/et_pb_section][et_pb_section fb_built=&#8221;1&#8243; _builder_version=&#8221;4.27.4&#8243; _module_preset=&#8221;default&#8221; background_color=&#8221;#F9F9F9&#8243; custom_padding=&#8221;45px||45px||true|&#8221; global_colors_info=&#8221;{}&#8221;][et_pb_row _builder_version=&#8221;4.27.4&#8243; _module_preset=&#8221;default&#8221; global_colors_info=&#8221;{}&#8221;][et_pb_column type=&#8221;4_4&#8243; _builder_version=&#8221;4.27.4&#8243; _module_preset=&#8221;default&#8221; global_colors_info=&#8221;{}&#8221;][et_pb_heading title=&#8221;Pedestrian Zone&#8221; _builder_version=&#8221;4.27.4&#8243; _module_preset=&#8221;default&#8221; title_level=&#8221;h2&#8243; title_text_align=&#8221;left&#8221; global_colors_info=&#8221;{}&#8221;][\/et_pb_heading][et_pb_text _builder_version=&#8221;4.27.4&#8243; text_font=&#8221;||||||||&#8221; custom_margin=&#8221;||30px||false|false&#8221; text_font_size_phone=&#8221;14px&#8221; text_font_size_last_edited=&#8221;off|desktop&#8221; locked=&#8221;off&#8221; global_colors_info=&#8221;{}&#8221;]<\/p>\n<p>From the parking deck, the flat, barrier-free pedestrian zone leads through the entire old town and to the centrally located R\u00f6merplatz. A 1.20-meter wide strip of grey granite slabs has been laid in the middle of the cobblestones. The narrow alleys of the old town are signposted as play streets, making them ideal for exploring on foot. R\u00f6merplatz and its immediate surroundings are also part of the pedestrian zone. The old town boasts many specialty shops, perfect for a leisurely stroll.   <\/p>\n<p>[\/et_pb_text][aioc_image_carousel equalize_slides_height=&#8221;on&#8221; show_arrow=&#8221;on&#8221; arrows_position=&#8221;outside&#8221; show_control_dot=&#8221;on&#8221; enable_dynamic_dots=&#8221;on&#8221; arrow_font_size=&#8221;30px&#8221; arrow_color=&#8221;#FFFFFF&#8221; arrow_background_color=&#8221;#871540&#8243; arrow_background_border_size=&#8221;2px&#8221; arrow_background_border_color=&#8221;#871540&#8243; control_dot_active_color=&#8221;#871540&#8243; control_dot_inactive_color=&#8221;#2B2E34&#8243; _builder_version=&#8221;4.27.4&#8243; _module_preset=&#8221;default&#8221; global_colors_info=&#8221;{}&#8221;][aioc_image_carousel_item image=&#8221;https:\/\/visit-kirchheimbolanden.de\/wp-content\/uploads\/2025\/08\/Stadt-Kirchheimbolanden-Innenstadt-Slider-1.jpg&#8221; _builder_version=&#8221;4.27.4&#8243; _module_preset=&#8221;default&#8221; global_colors_info=&#8221;{}&#8221;][\/aioc_image_carousel_item][aioc_image_carousel_item image=&#8221;https:\/\/visit-kirchheimbolanden.de\/wp-content\/uploads\/2025\/08\/Stadt-Kirchheimbolanden-Innenstadt-Slider-2.jpg&#8221; _builder_version=&#8221;4.27.4&#8243; _module_preset=&#8221;default&#8221; global_colors_info=&#8221;{}&#8221;][\/aioc_image_carousel_item][aioc_image_carousel_item image=&#8221;https:\/\/visit-kirchheimbolanden.de\/wp-content\/uploads\/2025\/08\/Stadt-Kirchheimbolanden-Innenstadt-Slider-3.jpg&#8221; _builder_version=&#8221;4.27.4&#8243; _module_preset=&#8221;default&#8221; global_colors_info=&#8221;{}&#8221;][\/aioc_image_carousel_item][aioc_image_carousel_item image=&#8221;https:\/\/visit-kirchheimbolanden.de\/wp-content\/uploads\/2025\/08\/Stadt-Kirchheimbolanden-Innenstadt-Slider-4.jpg&#8221; _builder_version=&#8221;4.27.4&#8243; _module_preset=&#8221;default&#8221; global_colors_info=&#8221;{}&#8221;][\/aioc_image_carousel_item][aioc_image_carousel_item image=&#8221;https:\/\/visit-kirchheimbolanden.de\/wp-content\/uploads\/2025\/08\/Stadt-Kirchheimbolanden-Innenstadt-Slider-5.jpg&#8221; _builder_version=&#8221;4.27.4&#8243; _module_preset=&#8221;default&#8221; global_colors_info=&#8221;{}&#8221;][\/aioc_image_carousel_item][aioc_image_carousel_item image=&#8221;https:\/\/visit-kirchheimbolanden.de\/wp-content\/uploads\/2025\/08\/Stadt-Kirchheimbolanden-Innenstadt-Slider-6.jpg&#8221; _builder_version=&#8221;4.27.4&#8243; _module_preset=&#8221;default&#8221; global_colors_info=&#8221;{}&#8221;][\/aioc_image_carousel_item][aioc_image_carousel_item image=&#8221;https:\/\/visit-kirchheimbolanden.de\/wp-content\/uploads\/2025\/08\/Stadt-Kirchheimbolanden-Innenstadt-Slider-7.jpg&#8221; _builder_version=&#8221;4.27.4&#8243; _module_preset=&#8221;default&#8221; global_colors_info=&#8221;{}&#8221;][\/aioc_image_carousel_item][aioc_image_carousel_item image=&#8221;https:\/\/visit-kirchheimbolanden.de\/wp-content\/uploads\/2025\/08\/Stadt-Kirchheimbolanden-Innenstadt-Slider-8.jpg&#8221; _builder_version=&#8221;4.27.4&#8243; _module_preset=&#8221;default&#8221; global_colors_info=&#8221;{}&#8221;][\/aioc_image_carousel_item][aioc_image_carousel_item image=&#8221;https:\/\/visit-kirchheimbolanden.de\/wp-content\/uploads\/2025\/08\/Stadt-Kirchheimbolanden-Innenstadt-Slider-9.jpg&#8221; _builder_version=&#8221;4.27.4&#8243; _module_preset=&#8221;default&#8221; global_colors_info=&#8221;{}&#8221;][\/aioc_image_carousel_item][\/aioc_image_carousel][\/et_pb_column][\/et_pb_row][\/et_pb_section][et_pb_section fb_built=&#8221;1&#8243; admin_label=&#8221;Feature&#8221; _builder_version=&#8221;4.27.4&#8243; background_image=&#8221;https:\/\/visit-kirchheimbolanden.de\/wp-content\/uploads\/2025\/08\/Stadt-Kirchheimbolanden-Wochenmarkt.jpg&#8221; parallax=&#8221;on&#8221; custom_margin=&#8221;||||false|false&#8221; custom_padding=&#8221;95px||95px||true|&#8221; global_colors_info=&#8221;{}&#8221;][et_pb_row custom_padding_last_edited=&#8221;on|phone&#8221; _builder_version=&#8221;4.27.4&#8243; background_color=&#8221;rgba(255,255,255,0.89)&#8221; max_width=&#8221;900px&#8221; custom_margin=&#8221;|15%||&#8221; custom_margin_tablet=&#8221;|10%||&#8221; custom_margin_phone=&#8221;|||&#8221; custom_margin_last_edited=&#8221;on|tablet&#8221; custom_padding=&#8221;70px|70px|70px|70px|true|true&#8221; custom_padding_tablet=&#8221;|10%||10%||true&#8221; custom_padding_phone=&#8221;&#8221; animation_style=&#8221;slide&#8221; animation_direction=&#8221;left&#8221; animation_intensity_slide=&#8221;20%&#8221; use_custom_width=&#8221;on&#8221; custom_width_px=&#8221;900px&#8221; global_colors_info=&#8221;{}&#8221;][et_pb_column type=&#8221;4_4&#8243; _builder_version=&#8221;4.27.4&#8243; custom_padding=&#8221;|||&#8221; global_colors_info=&#8221;{}&#8221; custom_padding__hover=&#8221;|||&#8221;][et_pb_image src=&#8221;https:\/\/visit-kirchheimbolanden.de\/wp-content\/uploads\/2025\/08\/kibo_icons-e1754908543742.png&#8221; title_text=&#8221;Kibo Icons&#8221; _builder_version=&#8221;4.27.4&#8243; _module_preset=&#8221;default&#8221; width=&#8221;16%&#8221; width_tablet=&#8221;30%&#8221; width_phone=&#8221;40%&#8221; width_last_edited=&#8221;on|phone&#8221; global_colors_info=&#8221;{}&#8221;][\/et_pb_image][et_pb_heading title=&#8221;Weekly Market&#8221; _builder_version=&#8221;4.27.4&#8243; _module_preset=&#8221;default&#8221; title_level=&#8221;h2&#8243; title_text_color=&#8221;#2B2E34&#8243; global_colors_info=&#8221;{}&#8221;][\/et_pb_heading][et_pb_text _builder_version=&#8221;4.27.4&#8243; text_font=&#8221;||||||||&#8221; text_text_color=&#8221;#2B2E34&#8243; custom_margin=&#8221;||30px||false|false&#8221; text_font_size_phone=&#8221;14px&#8221; text_font_size_last_edited=&#8221;off|desktop&#8221; global_colors_info=&#8221;{}&#8221;]Every Friday morning, you can find fresh, regional products from many producers at the weekly market. Here, you can purchase a variety of items for your daily needs, from sausages and cheese to fruits, vegetables, and regional specialties.[\/et_pb_text][et_pb_button button_text=&#8221;Discover Weekly Market Dates&#8221; _builder_version=&#8221;4.27.4&#8243; _module_preset=&#8221;default&#8221; hover_enabled=&#8221;0&#8243; global_colors_info=&#8221;{}&#8221; button_url=&#8221;@ET-DC@eyJkeW5hbWljIjp0cnVlLCJjb250ZW50IjoicG9zdF9saW5rX3VybF9wYWdlIiwic2V0dGluZ3MiOnsicG9zdF9pZCI6IjM5MiJ9fQ==@&#8221; _dynamic_attributes=&#8221;button_url&#8221; sticky_enabled=&#8221;0&#8243;][\/et_pb_button][\/et_pb_column][\/et_pb_row][\/et_pb_section][et_pb_section fb_built=&#8221;1&#8243; _builder_version=&#8221;4.27.4&#8243; _module_preset=&#8221;default&#8221; background_enable_color=&#8221;off&#8221; custom_padding=&#8221;45px||45px||true|&#8221; global_colors_info=&#8221;{}&#8221;][et_pb_row _builder_version=&#8221;4.27.4&#8243; _module_preset=&#8221;default&#8221; global_colors_info=&#8221;{}&#8221;][et_pb_column type=&#8221;4_4&#8243; _builder_version=&#8221;4.27.4&#8243; _module_preset=&#8221;default&#8221; global_colors_info=&#8221;{}&#8221;][et_pb_heading title=&#8221;Surrounding City Area&#8221; _builder_version=&#8221;4.27.4&#8243; _module_preset=&#8221;default&#8221; title_level=&#8221;h2&#8243; title_text_align=&#8221;left&#8221; global_colors_info=&#8221;{}&#8221;][\/et_pb_heading][et_pb_text _builder_version=&#8221;4.27.4&#8243; text_font=&#8221;||||||||&#8221; text_font_size_phone=&#8221;14px&#8221; text_font_size_last_edited=&#8221;off|desktop&#8221; locked=&#8221;off&#8221; global_colors_info=&#8221;{}&#8221;]The service sector east of the town hall is also a significant part of the changing cityscape. A new city quarter has emerged here since the early 1970s. Shopping centers, banks, doctor&#8217;s offices, a hotel, restaurants, the district administration, and the town hall are just some of the central facilities located here. Parking lots and a multi-story car park ensure connectivity, including to the pedestrian zone. Starting from Woogmorgen street, you will find numerous shopping opportunities, pharmacies, drugstores, as well as car dealerships and workshops. In the 1970s, Kirchheimbolanden experienced not only a surge in services but also a commercial-industrial boost. New factory facilities were built in the east, south, and northeast of the city, and existing businesses found additional locations.[\/et_pb_text][\/et_pb_column][\/et_pb_row][\/et_pb_section]<\/p>\n","protected":false},"excerpt":{"rendered":"<p>Downtown Shopping Welcome to KirchheimbolandenWith the city&#8217;s growth since the beginning of the 20th century \u2013 from 3,500 inhabitants in 1900 to over 8,000 today \u2013 the business sector has [&hellip;]<\/p>\n","protected":false},"author":2,"featured_media":1147,"parent":1118,"menu_order":0,"comment_status":"closed","ping_status":"closed","template":"","meta":{"_et_pb_use_builder":"on","_et_pb_old_content":"","_et_gb_content_width":"","footnotes":""},"class_list":["post-1146","page","type-page","status-publish","has-post-thumbnail","hentry"],"yoast_head":"<!-- This site is optimized with the Yoast SEO plugin v27.4 - https:\/\/yoast.com\/product\/yoast-seo-wordpress\/ -->\n<title>Downtown Shopping | Visit Kirchheimbolanden<\/title>\n<meta name=\"description\" content=\"With the city&#039;s growth from 3,500 to over 8,000 inhabitants, the business sector has also experienced significant expansion.\" \/>\n<meta name=\"robots\" content=\"index, follow, max-snippet:-1, max-image-preview:large, max-video-preview:-1\" \/>\n<link rel=\"canonical\" href=\"https:\/\/visit-kirchheimbolanden.de\/en\/experience-enjoy\/downtown-shopping\/\" \/>\n<meta property=\"og:locale\" content=\"en_US\" \/>\n<meta property=\"og:type\" content=\"article\" \/>\n<meta property=\"og:title\" content=\"Downtown Shopping | Visit Kirchheimbolanden\" \/>\n<meta property=\"og:description\" content=\"With the city&#039;s growth from 3,500 to over 8,000 inhabitants, the business sector has also experienced significant expansion.\" \/>\n<meta property=\"og:url\" content=\"https:\/\/visit-kirchheimbolanden.de\/en\/experience-enjoy\/downtown-shopping\/\" \/>\n<meta property=\"og:site_name\" content=\"Visit Kirchheimbolanden\" \/>\n<meta property=\"article:publisher\" content=\"https:\/\/www.facebook.com\/visit.kirchheimbolanden\/\" \/>\n<meta property=\"article:modified_time\" content=\"2025-09-04T09:58:31+00:00\" \/>\n<meta property=\"og:image\" content=\"https:\/\/visit-kirchheimbolanden.de\/wp-content\/uploads\/2025\/08\/Stadt-Kirchheimbolanden-Einkaufen-e1754918243927.jpeg\" \/>\n\t<meta property=\"og:image:width\" content=\"1500\" \/>\n\t<meta property=\"og:image:height\" content=\"1061\" \/>\n\t<meta property=\"og:image:type\" content=\"image\/jpeg\" \/>\n<meta name=\"twitter:card\" content=\"summary_large_image\" \/>\n<meta name=\"twitter:label1\" content=\"Est. reading time\" \/>\n\t<meta name=\"twitter:data1\" content=\"6 minutes\" \/>\n<script type=\"application\/ld+json\" class=\"yoast-schema-graph\">{\"@context\":\"https:\\\/\\\/schema.org\",\"@graph\":[{\"@type\":\"WebPage\",\"@id\":\"https:\\\/\\\/visit-kirchheimbolanden.de\\\/en\\\/experience-enjoy\\\/downtown-shopping\\\/\",\"url\":\"https:\\\/\\\/visit-kirchheimbolanden.de\\\/en\\\/experience-enjoy\\\/downtown-shopping\\\/\",\"name\":\"Downtown Shopping | Visit Kirchheimbolanden\",\"isPartOf\":{\"@id\":\"https:\\\/\\\/visit-kirchheimbolanden.de\\\/en\\\/#website\"},\"primaryImageOfPage\":{\"@id\":\"https:\\\/\\\/visit-kirchheimbolanden.de\\\/en\\\/experience-enjoy\\\/downtown-shopping\\\/#primaryimage\"},\"image\":{\"@id\":\"https:\\\/\\\/visit-kirchheimbolanden.de\\\/en\\\/experience-enjoy\\\/downtown-shopping\\\/#primaryimage\"},\"thumbnailUrl\":\"https:\\\/\\\/visit-kirchheimbolanden.de\\\/wp-content\\\/uploads\\\/2025\\\/08\\\/Stadt-Kirchheimbolanden-Einkaufen-e1754918243927.jpeg\",\"datePublished\":\"2025-08-11T13:22:26+00:00\",\"dateModified\":\"2025-09-04T09:58:31+00:00\",\"description\":\"With the city's growth from 3,500 to over 8,000 inhabitants, the business sector has also experienced significant expansion.\",\"breadcrumb\":{\"@id\":\"https:\\\/\\\/visit-kirchheimbolanden.de\\\/en\\\/experience-enjoy\\\/downtown-shopping\\\/#breadcrumb\"},\"inLanguage\":\"en-US\",\"potentialAction\":[{\"@type\":\"ReadAction\",\"target\":[\"https:\\\/\\\/visit-kirchheimbolanden.de\\\/en\\\/experience-enjoy\\\/downtown-shopping\\\/\"]}]},{\"@type\":\"ImageObject\",\"inLanguage\":\"en-US\",\"@id\":\"https:\\\/\\\/visit-kirchheimbolanden.de\\\/en\\\/experience-enjoy\\\/downtown-shopping\\\/#primaryimage\",\"url\":\"https:\\\/\\\/visit-kirchheimbolanden.de\\\/wp-content\\\/uploads\\\/2025\\\/08\\\/Stadt-Kirchheimbolanden-Einkaufen-e1754918243927.jpeg\",\"contentUrl\":\"https:\\\/\\\/visit-kirchheimbolanden.de\\\/wp-content\\\/uploads\\\/2025\\\/08\\\/Stadt-Kirchheimbolanden-Einkaufen-e1754918243927.jpeg\",\"width\":1500,\"height\":1061},{\"@type\":\"BreadcrumbList\",\"@id\":\"https:\\\/\\\/visit-kirchheimbolanden.de\\\/en\\\/experience-enjoy\\\/downtown-shopping\\\/#breadcrumb\",\"itemListElement\":[{\"@type\":\"ListItem\",\"position\":1,\"name\":\"Startseite\",\"item\":\"https:\\\/\\\/visit-kirchheimbolanden.de\\\/en\\\/home\\\/\"},{\"@type\":\"ListItem\",\"position\":2,\"name\":\"Experience &amp; Enjoy\",\"item\":\"https:\\\/\\\/visit-kirchheimbolanden.de\\\/en\\\/?page_id=1118\"},{\"@type\":\"ListItem\",\"position\":3,\"name\":\"Downtown Shopping\"}]},{\"@type\":\"WebSite\",\"@id\":\"https:\\\/\\\/visit-kirchheimbolanden.de\\\/en\\\/#website\",\"url\":\"https:\\\/\\\/visit-kirchheimbolanden.de\\\/en\\\/\",\"name\":\"Visit Kirchheimbolanden\",\"description\":\"Die kleine Residenz\",\"publisher\":{\"@id\":\"https:\\\/\\\/visit-kirchheimbolanden.de\\\/en\\\/#organization\"},\"potentialAction\":[{\"@type\":\"SearchAction\",\"target\":{\"@type\":\"EntryPoint\",\"urlTemplate\":\"https:\\\/\\\/visit-kirchheimbolanden.de\\\/en\\\/?s={search_term_string}\"},\"query-input\":{\"@type\":\"PropertyValueSpecification\",\"valueRequired\":true,\"valueName\":\"search_term_string\"}}],\"inLanguage\":\"en-US\"},{\"@type\":\"Organization\",\"@id\":\"https:\\\/\\\/visit-kirchheimbolanden.de\\\/en\\\/#organization\",\"name\":\"Stadt Kirchheimbolanden\",\"url\":\"https:\\\/\\\/visit-kirchheimbolanden.de\\\/en\\\/\",\"logo\":{\"@type\":\"ImageObject\",\"inLanguage\":\"en-US\",\"@id\":\"https:\\\/\\\/visit-kirchheimbolanden.de\\\/en\\\/#\\\/schema\\\/logo\\\/image\\\/\",\"url\":\"https:\\\/\\\/visit-kirchheimbolanden.de\\\/wp-content\\\/uploads\\\/2025\\\/08\\\/kibo_logo.png\",\"contentUrl\":\"https:\\\/\\\/visit-kirchheimbolanden.de\\\/wp-content\\\/uploads\\\/2025\\\/08\\\/kibo_logo.png\",\"width\":720,\"height\":466,\"caption\":\"Stadt Kirchheimbolanden\"},\"image\":{\"@id\":\"https:\\\/\\\/visit-kirchheimbolanden.de\\\/en\\\/#\\\/schema\\\/logo\\\/image\\\/\"},\"sameAs\":[\"https:\\\/\\\/www.facebook.com\\\/visit.kirchheimbolanden\\\/\",\"https:\\\/\\\/www.instagram.com\\\/visit.kirchheimbolanden\\\/\"]}]}<\/script>\n<!-- \/ Yoast SEO plugin. -->","yoast_head_json":{"title":"Downtown Shopping | Visit Kirchheimbolanden","description":"With the city's growth from 3,500 to over 8,000 inhabitants, the business sector has also experienced significant expansion.","robots":{"index":"index","follow":"follow","max-snippet":"max-snippet:-1","max-image-preview":"max-image-preview:large","max-video-preview":"max-video-preview:-1"},"canonical":"https:\/\/visit-kirchheimbolanden.de\/en\/experience-enjoy\/downtown-shopping\/","og_locale":"en_US","og_type":"article","og_title":"Downtown Shopping | Visit Kirchheimbolanden","og_description":"With the city's growth from 3,500 to over 8,000 inhabitants, the business sector has also experienced significant expansion.","og_url":"https:\/\/visit-kirchheimbolanden.de\/en\/experience-enjoy\/downtown-shopping\/","og_site_name":"Visit Kirchheimbolanden","article_publisher":"https:\/\/www.facebook.com\/visit.kirchheimbolanden\/","article_modified_time":"2025-09-04T09:58:31+00:00","og_image":[{"width":1500,"height":1061,"url":"https:\/\/visit-kirchheimbolanden.de\/wp-content\/uploads\/2025\/08\/Stadt-Kirchheimbolanden-Einkaufen-e1754918243927.jpeg","type":"image\/jpeg"}],"twitter_card":"summary_large_image","twitter_misc":{"Est. reading time":"6 minutes"},"schema":{"@context":"https:\/\/schema.org","@graph":[{"@type":"WebPage","@id":"https:\/\/visit-kirchheimbolanden.de\/en\/experience-enjoy\/downtown-shopping\/","url":"https:\/\/visit-kirchheimbolanden.de\/en\/experience-enjoy\/downtown-shopping\/","name":"Downtown Shopping | Visit Kirchheimbolanden","isPartOf":{"@id":"https:\/\/visit-kirchheimbolanden.de\/en\/#website"},"primaryImageOfPage":{"@id":"https:\/\/visit-kirchheimbolanden.de\/en\/experience-enjoy\/downtown-shopping\/#primaryimage"},"image":{"@id":"https:\/\/visit-kirchheimbolanden.de\/en\/experience-enjoy\/downtown-shopping\/#primaryimage"},"thumbnailUrl":"https:\/\/visit-kirchheimbolanden.de\/wp-content\/uploads\/2025\/08\/Stadt-Kirchheimbolanden-Einkaufen-e1754918243927.jpeg","datePublished":"2025-08-11T13:22:26+00:00","dateModified":"2025-09-04T09:58:31+00:00","description":"With the city's growth from 3,500 to over 8,000 inhabitants, the business sector has also experienced significant expansion.","breadcrumb":{"@id":"https:\/\/visit-kirchheimbolanden.de\/en\/experience-enjoy\/downtown-shopping\/#breadcrumb"},"inLanguage":"en-US","potentialAction":[{"@type":"ReadAction","target":["https:\/\/visit-kirchheimbolanden.de\/en\/experience-enjoy\/downtown-shopping\/"]}]},{"@type":"ImageObject","inLanguage":"en-US","@id":"https:\/\/visit-kirchheimbolanden.de\/en\/experience-enjoy\/downtown-shopping\/#primaryimage","url":"https:\/\/visit-kirchheimbolanden.de\/wp-content\/uploads\/2025\/08\/Stadt-Kirchheimbolanden-Einkaufen-e1754918243927.jpeg","contentUrl":"https:\/\/visit-kirchheimbolanden.de\/wp-content\/uploads\/2025\/08\/Stadt-Kirchheimbolanden-Einkaufen-e1754918243927.jpeg","width":1500,"height":1061},{"@type":"BreadcrumbList","@id":"https:\/\/visit-kirchheimbolanden.de\/en\/experience-enjoy\/downtown-shopping\/#breadcrumb","itemListElement":[{"@type":"ListItem","position":1,"name":"Startseite","item":"https:\/\/visit-kirchheimbolanden.de\/en\/home\/"},{"@type":"ListItem","position":2,"name":"Experience &amp; Enjoy","item":"https:\/\/visit-kirchheimbolanden.de\/en\/?page_id=1118"},{"@type":"ListItem","position":3,"name":"Downtown Shopping"}]},{"@type":"WebSite","@id":"https:\/\/visit-kirchheimbolanden.de\/en\/#website","url":"https:\/\/visit-kirchheimbolanden.de\/en\/","name":"Visit Kirchheimbolanden","description":"Die kleine Residenz","publisher":{"@id":"https:\/\/visit-kirchheimbolanden.de\/en\/#organization"},"potentialAction":[{"@type":"SearchAction","target":{"@type":"EntryPoint","urlTemplate":"https:\/\/visit-kirchheimbolanden.de\/en\/?s={search_term_string}"},"query-input":{"@type":"PropertyValueSpecification","valueRequired":true,"valueName":"search_term_string"}}],"inLanguage":"en-US"},{"@type":"Organization","@id":"https:\/\/visit-kirchheimbolanden.de\/en\/#organization","name":"Stadt Kirchheimbolanden","url":"https:\/\/visit-kirchheimbolanden.de\/en\/","logo":{"@type":"ImageObject","inLanguage":"en-US","@id":"https:\/\/visit-kirchheimbolanden.de\/en\/#\/schema\/logo\/image\/","url":"https:\/\/visit-kirchheimbolanden.de\/wp-content\/uploads\/2025\/08\/kibo_logo.png","contentUrl":"https:\/\/visit-kirchheimbolanden.de\/wp-content\/uploads\/2025\/08\/kibo_logo.png","width":720,"height":466,"caption":"Stadt Kirchheimbolanden"},"image":{"@id":"https:\/\/visit-kirchheimbolanden.de\/en\/#\/schema\/logo\/image\/"},"sameAs":["https:\/\/www.facebook.com\/visit.kirchheimbolanden\/","https:\/\/www.instagram.com\/visit.kirchheimbolanden\/"]}]}},"_links":{"self":[{"href":"https:\/\/visit-kirchheimbolanden.de\/en\/wp-json\/wp\/v2\/pages\/1146","targetHints":{"allow":["GET"]}}],"collection":[{"href":"https:\/\/visit-kirchheimbolanden.de\/en\/wp-json\/wp\/v2\/pages"}],"about":[{"href":"https:\/\/visit-kirchheimbolanden.de\/en\/wp-json\/wp\/v2\/types\/page"}],"author":[{"embeddable":true,"href":"https:\/\/visit-kirchheimbolanden.de\/en\/wp-json\/wp\/v2\/users\/2"}],"replies":[{"embeddable":true,"href":"https:\/\/visit-kirchheimbolanden.de\/en\/wp-json\/wp\/v2\/comments?post=1146"}],"version-history":[{"count":2,"href":"https:\/\/visit-kirchheimbolanden.de\/en\/wp-json\/wp\/v2\/pages\/1146\/revisions"}],"predecessor-version":[{"id":1152,"href":"https:\/\/visit-kirchheimbolanden.de\/en\/wp-json\/wp\/v2\/pages\/1146\/revisions\/1152"}],"up":[{"embeddable":true,"href":"https:\/\/visit-kirchheimbolanden.de\/en\/wp-json\/wp\/v2\/pages\/1118"}],"wp:featuredmedia":[{"embeddable":true,"href":"https:\/\/visit-kirchheimbolanden.de\/en\/wp-json\/wp\/v2\/media\/1147"}],"wp:attachment":[{"href":"https:\/\/visit-kirchheimbolanden.de\/en\/wp-json\/wp\/v2\/media?parent=1146"}],"curies":[{"name":"wp","href":"https:\/\/api.w.org\/{rel}","templated":true}]}}